{"id":482,"date":"2019-10-30T17:36:05","date_gmt":"2019-10-30T16:36:05","guid":{"rendered":"http:\/\/www.tci.it\/?page_id=482"},"modified":"2021-10-27T11:30:18","modified_gmt":"2021-10-27T09:30:18","slug":"garanzie","status":"publish","type":"page","link":"https:\/\/www.tci.it\/en\/garanzie\/","title":{"rendered":"Warranty"},"content":{"rendered":"<div data-elementor-type=\"wp-page\" data-elementor-id=\"482\" class=\"elementor elementor-482\" data-elementor-post-type=\"page\">\n\t\t\t\t\t\t<section class=\"elementor-section elementor-top-section elementor-element elementor-element-2960389f elementor-section-height-min-height elementor-section-boxed elementor-section-height-default elementor-section-items-middle\" data-id=\"2960389f\" data-element_type=\"section\" data-settings=\"{&quot;background_background&quot;:&quot;classic&quot;,&quot;shape_divider_bottom&quot;:&quot;opacity-tilt&quot;}\">\n\t\t\t\t\t<div class=\"elementor-shape elementor-shape-bottom\" data-negative=\"false\">\n\t\t\t<svg xmlns=\"http:\/\/www.w3.org\/2000\/svg\" viewbox=\"0 0 2600 131.1\" preserveaspectratio=\"none\">\n\t<path class=\"elementor-shape-fill\" d=\"M0 0L2600 0 2600 69.1 0 0z\"\/>\n\t<path class=\"elementor-shape-fill\" style=\"opacity:0.5\" d=\"M0 0L2600 0 2600 69.1 0 69.1z\"\/>\n\t<path class=\"elementor-shape-fill\" style=\"opacity:0.25\" d=\"M2600 0L0 0 0 130.1 2600 69.1z\"\/>\n<\/svg>\t\t<\/div>\n\t\t\t\t\t<div class=\"elementor-container elementor-column-gap-default\">\n\t\t\t\t\t<div class=\"elementor-column elementor-col-100 elementor-top-column elementor-element elementor-element-61c80df3\" data-id=\"61c80df3\" data-element_type=\"column\">\n\t\t\t<div class=\"elementor-widget-wrap elementor-element-populated\">\n\t\t\t\t\t\t\t<\/div>\n\t\t<\/div>\n\t\t\t\t\t<\/div>\n\t\t<\/section>\n\t\t\t\t<section class=\"elementor-section elementor-top-section elementor-element elementor-element-5781d55 elementor-section-boxed elementor-section-height-default elementor-section-height-default\" data-id=\"5781d55\" data-element_type=\"section\">\n\t\t\t\t\t\t<div class=\"elementor-container elementor-column-gap-default\">\n\t\t\t\t\t<div class=\"elementor-column elementor-col-100 elementor-top-column elementor-element elementor-element-374d350\" data-id=\"374d350\" data-element_type=\"column\">\n\t\t\t<div class=\"elementor-widget-wrap elementor-element-populated\">\n\t\t\t\t\t\t<div class=\"elementor-element elementor-element-5eaa1c7 elementor-widget elementor-widget-text-editor\" data-id=\"5eaa1c7\" data-element_type=\"widget\" data-widget_type=\"text-editor.default\">\n\t\t\t\t<div class=\"elementor-widget-container\">\n\t\t\t\t\t\t\t\t\t<p>TCI guarantees its products for 36 months from the manufacture date stated on the product label. TCI warranty covers only potential manufacturing defects. The \nwarranty does not cover any defects and\/or damages caused by an incorrect use or a use that is not compliant with the technical, use and storage information made \navailable by TCI (product label, catalogue, datasheet and any potential additional information provided). The warranty also does not cover any defects and\/or damages \nderiving from installations which are not compliant with international installation criteria and it is totally void if the products are opened or mechanically tampered with \nor used in the presence of liquids that do not comply with the IP rating of the product. The warranty does not cover any damage related to transport, for which it will \nbe necessary to claim against the carrier. TCI recommends not to accept the goods in the presence of damaged external packaging or to accept them under reserve.<br>TCI provides its customers with an extended warranty up to 7-10 years:<\/p>\t\t\t\t\t\t\t\t<\/div>\n\t\t\t\t<\/div>\n\t\t\t\t<div class=\"elementor-element elementor-element-317af4c elementor-position-left elementor-vertical-align-top elementor-invisible elementor-widget elementor-widget-image-box\" data-id=\"317af4c\" data-element_type=\"widget\" data-settings=\"{&quot;_animation&quot;:&quot;zoomIn&quot;}\" data-widget_type=\"image-box.default\">\n\t\t\t\t<div class=\"elementor-widget-container\">\n\t\t\t\t\t<div class=\"elementor-image-box-wrapper\"><figure class=\"elementor-image-box-img\"><img decoding=\"async\" width=\"150\" height=\"150\" src=\"https:\/\/www.tci.it\/wp-content\/uploads\/2019\/10\/10y-copia-150x150.png\" class=\"attachment-full size-full wp-image-511\" alt=\"\" \/><\/figure><div class=\"elementor-image-box-content\"><h3 class=\"elementor-image-box-title\">10 YEARS WARRANTY, 5% FAILURE RATE<\/h3><p class=\"elementor-image-box-description\">The above condition is valid for max. 13h\/day operation, according to all technical information and lifetime stated in the product datasheet and it is inclusive of the 36-month legal guarantee.<\/p><\/div><\/div>\t\t\t\t<\/div>\n\t\t\t\t<\/div>\n\t\t\t\t<div class=\"elementor-element elementor-element-1708a92 elementor-position-left elementor-vertical-align-top elementor-invisible elementor-widget elementor-widget-image-box\" data-id=\"1708a92\" data-element_type=\"widget\" data-settings=\"{&quot;_animation&quot;:&quot;zoomIn&quot;}\" data-widget_type=\"image-box.default\">\n\t\t\t\t<div class=\"elementor-widget-container\">\n\t\t\t\t\t<div class=\"elementor-image-box-wrapper\"><figure class=\"elementor-image-box-img\"><img decoding=\"async\" width=\"150\" height=\"150\" src=\"https:\/\/www.tci.it\/wp-content\/uploads\/2019\/10\/7y-copia-150x150.png\" class=\"attachment-full size-full wp-image-510\" alt=\"\" \/><\/figure><div class=\"elementor-image-box-content\"><h3 class=\"elementor-image-box-title\">7 YEARS WARRANTY, 3% FAILURE RATE<\/h3><p class=\"elementor-image-box-description\">The above condition is valid for max. 19h\/day operation, according to all technical information and lifetime stated in the product datasheet and it is inclusive of the 36-month legal guarantee.<\/p><\/div><\/div>\t\t\t\t<\/div>\n\t\t\t\t<\/div>\n\t\t\t\t<div class=\"elementor-element elementor-element-f1ee63a elementor-widget elementor-widget-text-editor\" data-id=\"f1ee63a\" data-element_type=\"widget\" data-widget_type=\"text-editor.default\">\n\t\t\t\t<div class=\"elementor-widget-container\">\n\t\t\t\t\t\t\t\t\t<p>Legislative warranty claims are not affected by the above terms and are to be considered independently valid.<\/p><p class=\" translation-block\">Moreover, under the conditions detailed in TCI catalogue, all our products do comply with the article 153 of the Treaty establishing the European Community as far as it concerns the <b>DECENNIAL LIABILITY OF THE PRODUCER.<\/b><\/p>\t\t\t\t\t\t\t\t<\/div>\n\t\t\t\t<\/div>\n\t\t\t\t<section class=\"elementor-section elementor-inner-section elementor-element elementor-element-bcbacc9 elementor-section-boxed elementor-section-height-default elementor-section-height-default\" data-id=\"bcbacc9\" data-element_type=\"section\">\n\t\t\t\t\t\t<div class=\"elementor-container elementor-column-gap-default\">\n\t\t\t\t\t<div class=\"elementor-column elementor-col-100 elementor-inner-column elementor-element elementor-element-7d98e22\" data-id=\"7d98e22\" data-element_type=\"column\">\n\t\t\t<div class=\"elementor-widget-wrap elementor-element-populated\">\n\t\t\t\t\t\t<div class=\"elementor-element elementor-element-b4e8934 elementor-widget__width-initial elementor-widget elementor-widget-image\" data-id=\"b4e8934\" data-element_type=\"widget\" data-widget_type=\"image.default\">\n\t\t\t\t<div class=\"elementor-widget-container\">\n\t\t\t\t\t\t\t\t\t\t\t\t\t\t\t\t<a href=\"http:\/\/www.tci.it\/wp-content\/uploads\/2019\/10\/tci_2.gif\" data-elementor-open-lightbox=\"yes\" data-elementor-lightbox-title=\"tci_2\" data-e-action-hash=\"#elementor-action%3Aaction%3Dlightbox%26settings%3DeyJpZCI6MzU0LCJ1cmwiOiJodHRwczpcL1wvd3d3LnRjaS5pdFwvd3AtY29udGVudFwvdXBsb2Fkc1wvMjAxOVwvMTBcL3RjaV8yLmdpZiJ9\">\n\t\t\t\t\t\t\t<img fetchpriority=\"high\" decoding=\"async\" width=\"640\" height=\"640\" src=\"https:\/\/www.tci.it\/wp-content\/uploads\/2019\/10\/tci_2.gif\" class=\"attachment-large size-large wp-image-354\" alt=\"\" sizes=\"(max-width: 34.9rem) calc(100vw - 2rem), (max-width: 53rem) calc(8 * (100vw \/ 12)), (min-width: 53rem) calc(6 * (100vw \/ 12)), 100vw\" \/>\t\t\t\t\t\t\t\t<\/a>\n\t\t\t\t\t\t\t\t\t\t\t\t\t\t\t<\/div>\n\t\t\t\t<\/div>\n\t\t\t\t<div class=\"elementor-element elementor-element-2c572fb elementor-widget__width-initial elementor-widget elementor-widget-image\" data-id=\"2c572fb\" data-element_type=\"widget\" data-widget_type=\"image.default\">\n\t\t\t\t<div class=\"elementor-widget-container\">\n\t\t\t\t\t\t\t\t\t\t\t\t\t\t\t\t<a href=\"http:\/\/www.tci.it\/wp-content\/uploads\/2019\/10\/tci_1.gif\" data-elementor-open-lightbox=\"yes\" data-elementor-lightbox-title=\"tci_1\" data-e-action-hash=\"#elementor-action%3Aaction%3Dlightbox%26settings%3DeyJpZCI6MzUzLCJ1cmwiOiJodHRwczpcL1wvd3d3LnRjaS5pdFwvd3AtY29udGVudFwvdXBsb2Fkc1wvMjAxOVwvMTBcL3RjaV8xLmdpZiJ9\">\n\t\t\t\t\t\t\t<img loading=\"lazy\" decoding=\"async\" width=\"640\" height=\"640\" src=\"https:\/\/www.tci.it\/wp-content\/uploads\/2019\/10\/tci_1.gif\" class=\"attachment-large size-large wp-image-353\" alt=\"\" sizes=\"(max-width: 34.9rem) calc(100vw - 2rem), (max-width: 53rem) calc(8 * (100vw \/ 12)), (min-width: 53rem) calc(6 * (100vw \/ 12)), 100vw\" \/>\t\t\t\t\t\t\t\t<\/a>\n\t\t\t\t\t\t\t\t\t\t\t\t\t\t\t<\/div>\n\t\t\t\t<\/div>\n\t\t\t\t<div class=\"elementor-element elementor-element-6558bee elementor-widget__width-initial elementor-widget elementor-widget-image\" data-id=\"6558bee\" data-element_type=\"widget\" data-widget_type=\"image.default\">\n\t\t\t\t<div class=\"elementor-widget-container\">\n\t\t\t\t\t\t\t\t\t\t\t\t\t\t\t\t<a href=\"http:\/\/www.tci.it\/wp-content\/uploads\/2019\/10\/tci_3.gif\" data-elementor-open-lightbox=\"yes\" data-elementor-lightbox-title=\"tci_3\" data-e-action-hash=\"#elementor-action%3Aaction%3Dlightbox%26settings%3DeyJpZCI6MzU1LCJ1cmwiOiJodHRwczpcL1wvd3d3LnRjaS5pdFwvd3AtY29udGVudFwvdXBsb2Fkc1wvMjAxOVwvMTBcL3RjaV8zLmdpZiJ9\">\n\t\t\t\t\t\t\t<img loading=\"lazy\" decoding=\"async\" width=\"640\" height=\"640\" src=\"https:\/\/www.tci.it\/wp-content\/uploads\/2019\/10\/tci_3.gif\" class=\"attachment-large size-large wp-image-355\" alt=\"\" sizes=\"(max-width: 34.9rem) calc(100vw - 2rem), (max-width: 53rem) calc(8 * (100vw \/ 12)), (min-width: 53rem) calc(6 * (100vw \/ 12)), 100vw\" \/>\t\t\t\t\t\t\t\t<\/a>\n\t\t\t\t\t\t\t\t\t\t\t\t\t\t\t<\/div>\n\t\t\t\t<\/div>\n\t\t\t\t\t<\/div>\n\t\t<\/div>\n\t\t\t\t\t<\/div>\n\t\t<\/section>\n\t\t\t\t<div class=\"elementor-element elementor-element-f5decaa elementor-widget elementor-widget-text-editor\" data-id=\"f5decaa\" data-element_type=\"widget\" data-widget_type=\"text-editor.default\">\n\t\t\t\t<div class=\"elementor-widget-container\">\n\t\t\t\t\t\t\t\t\t<section class=\"vc_section\" data-vc-full-width=\"true\" data-vc-full-width-init=\"true\"><div class=\"wpb_row vc_row vc_row-fluid mk-fullwidth-true add-padding-0 attched-true vc_custom_1536249604940 js-master-row mk-full-content-true mk-in-viewport\" data-mk-full-width=\"true\" data-mk-full-width-init=\"true\" data-mk-stretch-content=\"true\"><div class=\"vc_col-sm-12 vc_hidden-xs wpb_column column_container _ height-full\"><div class=\"vc_custom_1524148671532\"><div id=\"text-block-32\" class=\"mk-text-block\"><p class=\" translation-block\">List of the <strong>National Laws<\/strong> implementing the <strong>Council Directive 85\/374\/CEE<\/strong> concerning the <strong>Producer\u2019s Liability<\/strong>:<\/p><\/div><\/div><div class=\"mk-fancy-table table-style1\"><table width=\"100%\"><tbody><tr><td width=\"20%\"><strong>Austria<\/strong><\/td><td>Bundesgesetz, mit dem das Produkthaftungsgesetz BGBl. 99\/1988 geandert wird.<br \/>Bundesgesetzblatt f\u00fcr die Republik Osterreich, Nr. 95\/1993<\/td><\/tr><tr><td><strong>Belgio<\/strong><\/td><td>Law 25.02.1991<\/td><\/tr><tr><td><strong>Bulgaria<\/strong><\/td><td>Law 09.12.2005<\/td><\/tr><tr><td><strong>Croazia<\/strong><\/td><td>ZAKON O IZMJENAMA I DOPUNAMA ZAKONA O OBVEZNIM ODNOSIMA<br \/>Narodne Novine; Number: 41\/08; Publication date: 2008-04-09<\/td><\/tr><tr><td><strong>Cipro<\/strong><\/td><td>\u039f \u03c0\u03b5\u03c1\u03af \u0395\u03bb\u03b1\u03c4\u03c4\u03c9\u03bc\u03b1\u03c4\u03b9\u03ba\u03ce\u03bd \u03a0\u03c1\u03bf\u03ca\u03cc\u03bd\u03c4\u03c9\u03bd (\u0391\u03c3\u03c4\u03b9\u03ba\u03ae \u0395\u03c5\u03b8\u03cd\u03bd\u03b7) \u039d\u03cc\u03bc\u03bf\u03c2 \u03c4\u03bf\u03c5 1999 (\u03a4\u03c1\u03bf\u03c0\u03bf\u03c0\u03bf\u03b9\u03b7\u03c4\u03b9\u03ba\u03cc\u03c2)<\/td><\/tr><tr><td><strong>Repubblica Ceca<\/strong><\/td><td>Law 89\/2012<\/td><\/tr><tr><td><strong>Danimarca<\/strong><\/td><td>Law nr. 371 of 07\/06\/1989<\/td><\/tr><tr><td><strong>Estonia<\/strong><\/td><td>V\u00f5la\u00f5igusseadus, published RT I 2004, 37, 255<\/td><\/tr><tr><td><strong>Finlandia<\/strong><\/td><td>Uotevastuulaki (694\/90) 17\/08\/1990, muutokset (99\/93) 08\/01\/1993 ja (879\/93) 22\/10\/1993<\/td><\/tr><tr><td><strong>Francia<\/strong><\/td><td>Loi n\u00b0 98-389 de 19\/5\/1998<\/td><\/tr><tr><td><strong>Germania<\/strong><\/td><td>Produkthaftungsgesetz vom 15\/12\/1989<\/td><\/tr><tr><td><strong>Grecia<\/strong><\/td><td>Law nr. 2000\/1991 of 24\/12\/1991<\/td><\/tr><tr><td><strong>Ungheria<\/strong><\/td><td>2002. \u00e9vi XXXVI. t\u00f6rv\u00e9nya Magyar K\u00f6zt\u00e1rsas\u00e1g Polg\u00e1ri T\u00f6rv\u00e9nyk\u00f6nyv\u00e9r\u0151l sz\u00f3l\u00f3 1959. \u00e9vi IV. t\u00f6rv\u00e9ny, valamint egyes t\u00f6rv\u00e9nyek fogyaszt\u00f3v\u00e9delemmel \u00f6sszef\u00fcgg\u0151 jogharmoniz\u00e1ci\u00f3s c\u00e9l\u00fa m\u00f3dos\u00edt\u00e1s\u00e1r\u00f3l<\/td><\/tr><tr><td><strong>Irlanda<\/strong><\/td><td>Directive 85\/374\/CEE in force<\/td><\/tr><tr><td><strong>Italia<\/strong><\/td><td>Decreto legislativo 6\/9\/2005, n\u00b0 206 Codice del consumo<\/td><\/tr><tr><td><strong>Lettonia<\/strong><\/td><td>Groz\u012bjumi likum\u0101 \u201cPar atbild\u012bbu par preces un pakalpojuma tr\u016bkumiem\u201d 2004<\/td><\/tr><tr><td><strong>Lituania<\/strong><\/td><td>Lietuvos Respublikos civilinio kodekso patvirtinimo, \u012fsigaliojimo ir \u012fgyvendinimo \u012fstatymas Nr. VIII \u2013 1864<\/td><\/tr><tr><td><strong>Lussemburgo<\/strong><\/td><td>Directive 85\/374\/CEE in force<\/td><\/tr><tr><td><strong>Malta<\/strong><\/td><td>Directive 85\/374\/CEE in force<\/td><\/tr><tr><td><strong>Paesi Bassi<\/strong><\/td><td>Wet van 13\/09\/1990 tot aanpassing van het Burgerlijk Wetboek, Staatsblad nummer 487 van 1990<\/td><\/tr><tr><td><strong>Polonia<\/strong><\/td><td>Ustawa z 23 kwietnia 1964 Kodeks Cywilny<\/td><\/tr><tr><td><strong>Portogallo<\/strong><\/td><td>Decreto-Ley n. 383\/89 de 06\/11\/1989. Transp\u00f5e para a ordem jur\u00eddica interna a Directiva n. 85\/374\/CEE, em mat\u00e9ria de responsabilidade decorrente de produtos defeituosos<\/td><\/tr><tr><td><strong>Romania<\/strong><\/td><td>Lege privind combaterea practicilor incorecte ale comercian\u0163ilor \u00een rela\u0163ia cu consumatorii \u015fi armonizarea reglement\u0103rilor cu legisla\u0163ia european\u0103 privind protec\u0163ia consumatorilor<\/td><\/tr><tr><td><strong>Slovacchia<\/strong><\/td><td>Directive 85\/374\/CEE in force<\/td><\/tr><tr><td><strong>Slovenia<\/strong><\/td><td>Directive 85\/374\/CEE in force<\/td><\/tr><tr><td><strong>Spagna<\/strong><\/td><td>REAL DECRETO LEGISLATIVO 1\/2007 de 16 novembre 2007<\/td><\/tr><tr><td><strong>Svezia<\/strong><\/td><td>Produktansvarslag, Svensk f\u00f6rfattningssamling SFS) 1992:18<\/td><\/tr><tr><td><strong>Svizzera<\/strong><\/td><td>Legge federale sulla responsabilit\u00e0 per danno da prodotti (LRDP) del 18 giugno 1993<\/td><\/tr><tr><td><strong>Regno Unito<\/strong><\/td><td>The Consumer Protection Act 1987<\/td><\/tr><\/tbody><\/table><\/div><\/div><\/div><\/section>\t\t\t\t\t\t\t\t<\/div>\n\t\t\t\t<\/div>\n\t\t\t\t<div class=\"elementor-element elementor-element-80b3778 elementor-alert-info elementor-widget elementor-widget-alert\" data-id=\"80b3778\" data-element_type=\"widget\" data-widget_type=\"alert.default\">\n\t\t\t\t<div class=\"elementor-widget-container\">\n\t\t\t\t\t\t\t<div class=\"elementor-alert\" role=\"alert\">\n\n\t\t\t\t\t\t<span class=\"elementor-alert-title\">Important notice<\/span>\n\t\t\t\n\t\t\t\t\t\t<span class=\"elementor-alert-description\">Presuming that the information provided are accurate and reliable, TCI assumes no responsability for any consequences of the use of such information; similarly, TCI is not liable for any infringement of existing or future patents or other rights of third parties which may result from the use or the interconnection of the circuits and of the items described herein. No license is granted by implication or otherwise in connection with patents, even pending, or patent rights belonging to TCI.<\/span>\n\t\t\t\n\t\t\t\n\t\t<\/div>\n\t\t\t\t\t\t<\/div>\n\t\t\t\t<\/div>\n\t\t\t\t<div class=\"elementor-element elementor-element-5559a5c elementor-widget elementor-widget-text-editor\" data-id=\"5559a5c\" data-element_type=\"widget\" data-widget_type=\"text-editor.default\">\n\t\t\t\t<div class=\"elementor-widget-container\">\n\t\t\t\t\t\t\t\t\t<p><b><strong>Notice: in compliance with the regulations in force, TCI retains the right to make technical an\/or dimensional changes to improve the product performance and features without any prior notice. All dimensions are in mm, unless otherwise stated.<\/strong><\/b><\/p>\t\t\t\t\t\t\t\t<\/div>\n\t\t\t\t<\/div>\n\t\t\t\t\t<\/div>\n\t\t<\/div>\n\t\t\t\t\t<\/div>\n\t\t<\/section>\n\t\t\t\t<\/div>","protected":false},"excerpt":{"rendered":"<p>TCI garantisce i propri prodotti per 36 mesi dalla data di fabbricazione indicata sui prodotti stessi. La garanzia di TCI copre unicamente eventuali difetti di fabbricazione. La garanzia non copre difetti e\/o danni causati da un utilizzo errato e non conforme alle informazioni tecniche, di impiego e stoccaggio rese disponibili da TCI (etichetta di prodotto, &hellip; <\/p>\n<p class=\"link-more\"><a href=\"https:\/\/www.tci.it\/en\/garanzie\/\" class=\"more-link\">Continue reading<span class=\"screen-reader-text\"> &#8220;Garanzie&#8221;<\/span><\/a><\/p>","protected":false},"author":1,"featured_media":495,"parent":0,"menu_order":0,"comment_status":"closed","ping_status":"closed","template":"elementor_header_footer","meta":{"footnotes":""},"yoast_head":"<!-- This site is optimized with the Yoast SEO plugin v23.5 - https:\/\/yoast.com\/wordpress\/plugins\/seo\/ -->\n<title>Garanzie - TCI<\/title>\n<meta name=\"robots\" content=\"index, follow, max-snippet:-1, max-image-preview:large, max-video-preview:-1\" \/>\n<link rel=\"canonical\" href=\"https:\/\/www.tci.it\/en\/garanzie\/\" \/>\n<meta property=\"og:locale\" content=\"en_GB\" \/>\n<meta property=\"og:type\" content=\"article\" \/>\n<meta property=\"og:title\" content=\"Garanzie - TCI\" \/>\n<meta property=\"og:description\" content=\"TCI garantisce i propri prodotti per 36 mesi dalla data di fabbricazione indicata sui prodotti stessi. La garanzia di TCI copre unicamente eventuali difetti di fabbricazione. La garanzia non copre difetti e\/o danni causati da un utilizzo errato e non conforme alle informazioni tecniche, di impiego e stoccaggio rese disponibili da TCI (etichetta di prodotto, &hellip; Continue reading &quot;Garanzie&quot;\" \/>\n<meta property=\"og:url\" content=\"https:\/\/www.tci.it\/en\/garanzie\/\" \/>\n<meta property=\"og:site_name\" content=\"TCI\" \/>\n<meta property=\"article:publisher\" content=\"https:\/\/www.facebook.com\/tcisrl\/\" \/>\n<meta property=\"article:modified_time\" content=\"2021-10-27T09:30:18+00:00\" \/>\n<meta property=\"og:image\" content=\"https:\/\/www.tci.it\/wp-content\/uploads\/2019\/10\/103912847_m.jpg\" \/>\n\t<meta property=\"og:image:width\" content=\"2960\" \/>\n\t<meta property=\"og:image:height\" content=\"1417\" \/>\n\t<meta property=\"og:image:type\" content=\"image\/jpeg\" \/>\n<meta name=\"twitter:card\" content=\"summary_large_image\" \/>\n<meta name=\"twitter:label1\" content=\"Estimated reading time\" \/>\n\t<meta name=\"twitter:data1\" content=\"3 minutes\" \/>\n<script type=\"application\/ld+json\" class=\"yoast-schema-graph\">{\"@context\":\"https:\/\/schema.org\",\"@graph\":[{\"@type\":\"WebPage\",\"@id\":\"https:\/\/www.tci.it\/garanzie\/\",\"url\":\"https:\/\/www.tci.it\/garanzie\/\",\"name\":\"Garanzie - TCI\",\"isPartOf\":{\"@id\":\"https:\/\/www.tci.it\/#website\"},\"primaryImageOfPage\":{\"@id\":\"https:\/\/www.tci.it\/garanzie\/#primaryimage\"},\"image\":{\"@id\":\"https:\/\/www.tci.it\/garanzie\/#primaryimage\"},\"thumbnailUrl\":\"https:\/\/www.tci.it\/wp-content\/uploads\/2019\/10\/103912847_m.jpg\",\"datePublished\":\"2019-10-30T16:36:05+00:00\",\"dateModified\":\"2021-10-27T09:30:18+00:00\",\"breadcrumb\":{\"@id\":\"https:\/\/www.tci.it\/garanzie\/#breadcrumb\"},\"inLanguage\":\"en-GB\",\"potentialAction\":[{\"@type\":\"ReadAction\",\"target\":[\"https:\/\/www.tci.it\/garanzie\/\"]}]},{\"@type\":\"ImageObject\",\"inLanguage\":\"en-GB\",\"@id\":\"https:\/\/www.tci.it\/garanzie\/#primaryimage\",\"url\":\"https:\/\/www.tci.it\/wp-content\/uploads\/2019\/10\/103912847_m.jpg\",\"contentUrl\":\"https:\/\/www.tci.it\/wp-content\/uploads\/2019\/10\/103912847_m.jpg\",\"width\":2960,\"height\":1417},{\"@type\":\"BreadcrumbList\",\"@id\":\"https:\/\/www.tci.it\/garanzie\/#breadcrumb\",\"itemListElement\":[{\"@type\":\"ListItem\",\"position\":1,\"name\":\"Home\",\"item\":\"https:\/\/www.tci.it\/\"},{\"@type\":\"ListItem\",\"position\":2,\"name\":\"Garanzie\"}]},{\"@type\":\"WebSite\",\"@id\":\"https:\/\/www.tci.it\/#website\",\"url\":\"https:\/\/www.tci.it\/\",\"name\":\"TCI\",\"description\":\"Professional LED Applications\",\"publisher\":{\"@id\":\"https:\/\/www.tci.it\/#organization\"},\"potentialAction\":[{\"@type\":\"SearchAction\",\"target\":{\"@type\":\"EntryPoint\",\"urlTemplate\":\"https:\/\/www.tci.it\/?s={search_term_string}\"},\"query-input\":{\"@type\":\"PropertyValueSpecification\",\"valueRequired\":true,\"valueName\":\"search_term_string\"}}],\"inLanguage\":\"en-GB\"},{\"@type\":\"Organization\",\"@id\":\"https:\/\/www.tci.it\/#organization\",\"name\":\"TCI Telecomunicazioni Italia srl\",\"url\":\"https:\/\/www.tci.it\/\",\"logo\":{\"@type\":\"ImageObject\",\"inLanguage\":\"en-GB\",\"@id\":\"https:\/\/www.tci.it\/#\/schema\/logo\/image\/\",\"url\":\"https:\/\/www.tci.it\/wp-content\/uploads\/2019\/10\/tci-led.png\",\"contentUrl\":\"https:\/\/www.tci.it\/wp-content\/uploads\/2019\/10\/tci-led.png\",\"width\":194,\"height\":65,\"caption\":\"TCI Telecomunicazioni Italia srl\"},\"image\":{\"@id\":\"https:\/\/www.tci.it\/#\/schema\/logo\/image\/\"},\"sameAs\":[\"https:\/\/www.facebook.com\/tcisrl\/\"]}]}<\/script>\n<!-- \/ Yoast SEO plugin. -->","yoast_head_json":{"title":"Garanzie - TCI","robots":{"index":"index","follow":"follow","max-snippet":"max-snippet:-1","max-image-preview":"max-image-preview:large","max-video-preview":"max-video-preview:-1"},"canonical":"https:\/\/www.tci.it\/en\/garanzie\/","og_locale":"en_GB","og_type":"article","og_title":"Garanzie - TCI","og_description":"TCI garantisce i propri prodotti per 36 mesi dalla data di fabbricazione indicata sui prodotti stessi. La garanzia di TCI copre unicamente eventuali difetti di fabbricazione. La garanzia non copre difetti e\/o danni causati da un utilizzo errato e non conforme alle informazioni tecniche, di impiego e stoccaggio rese disponibili da TCI (etichetta di prodotto, &hellip; Continue reading \"Garanzie\"","og_url":"https:\/\/www.tci.it\/en\/garanzie\/","og_site_name":"TCI","article_publisher":"https:\/\/www.facebook.com\/tcisrl\/","article_modified_time":"2021-10-27T09:30:18+00:00","og_image":[{"width":2960,"height":1417,"url":"https:\/\/www.tci.it\/wp-content\/uploads\/2019\/10\/103912847_m.jpg","type":"image\/jpeg"}],"twitter_card":"summary_large_image","twitter_misc":{"Estimated reading time":"3 minutes"},"schema":{"@context":"https:\/\/schema.org","@graph":[{"@type":"WebPage","@id":"https:\/\/www.tci.it\/garanzie\/","url":"https:\/\/www.tci.it\/garanzie\/","name":"Garanzie - TCI","isPartOf":{"@id":"https:\/\/www.tci.it\/#website"},"primaryImageOfPage":{"@id":"https:\/\/www.tci.it\/garanzie\/#primaryimage"},"image":{"@id":"https:\/\/www.tci.it\/garanzie\/#primaryimage"},"thumbnailUrl":"https:\/\/www.tci.it\/wp-content\/uploads\/2019\/10\/103912847_m.jpg","datePublished":"2019-10-30T16:36:05+00:00","dateModified":"2021-10-27T09:30:18+00:00","breadcrumb":{"@id":"https:\/\/www.tci.it\/garanzie\/#breadcrumb"},"inLanguage":"en-GB","potentialAction":[{"@type":"ReadAction","target":["https:\/\/www.tci.it\/garanzie\/"]}]},{"@type":"ImageObject","inLanguage":"en-GB","@id":"https:\/\/www.tci.it\/garanzie\/#primaryimage","url":"https:\/\/www.tci.it\/wp-content\/uploads\/2019\/10\/103912847_m.jpg","contentUrl":"https:\/\/www.tci.it\/wp-content\/uploads\/2019\/10\/103912847_m.jpg","width":2960,"height":1417},{"@type":"BreadcrumbList","@id":"https:\/\/www.tci.it\/garanzie\/#breadcrumb","itemListElement":[{"@type":"ListItem","position":1,"name":"Home","item":"https:\/\/www.tci.it\/"},{"@type":"ListItem","position":2,"name":"Garanzie"}]},{"@type":"WebSite","@id":"https:\/\/www.tci.it\/#website","url":"https:\/\/www.tci.it\/","name":"TCI","description":"Professional LED Applications","publisher":{"@id":"https:\/\/www.tci.it\/#organization"},"potentialAction":[{"@type":"SearchAction","target":{"@type":"EntryPoint","urlTemplate":"https:\/\/www.tci.it\/?s={search_term_string}"},"query-input":{"@type":"PropertyValueSpecification","valueRequired":true,"valueName":"search_term_string"}}],"inLanguage":"en-GB"},{"@type":"Organization","@id":"https:\/\/www.tci.it\/#organization","name":"TCI Telecomunicazioni Italia srl","url":"https:\/\/www.tci.it\/","logo":{"@type":"ImageObject","inLanguage":"en-GB","@id":"https:\/\/www.tci.it\/#\/schema\/logo\/image\/","url":"https:\/\/www.tci.it\/wp-content\/uploads\/2019\/10\/tci-led.png","contentUrl":"https:\/\/www.tci.it\/wp-content\/uploads\/2019\/10\/tci-led.png","width":194,"height":65,"caption":"TCI Telecomunicazioni Italia srl"},"image":{"@id":"https:\/\/www.tci.it\/#\/schema\/logo\/image\/"},"sameAs":["https:\/\/www.facebook.com\/tcisrl\/"]}]}},"_links":{"self":[{"href":"https:\/\/www.tci.it\/en\/wp-json\/wp\/v2\/pages\/482"}],"collection":[{"href":"https:\/\/www.tci.it\/en\/wp-json\/wp\/v2\/pages"}],"about":[{"href":"https:\/\/www.tci.it\/en\/wp-json\/wp\/v2\/types\/page"}],"author":[{"embeddable":true,"href":"https:\/\/www.tci.it\/en\/wp-json\/wp\/v2\/users\/1"}],"replies":[{"embeddable":true,"href":"https:\/\/www.tci.it\/en\/wp-json\/wp\/v2\/comments?post=482"}],"version-history":[{"count":76,"href":"https:\/\/www.tci.it\/en\/wp-json\/wp\/v2\/pages\/482\/revisions"}],"predecessor-version":[{"id":3149,"href":"https:\/\/www.tci.it\/en\/wp-json\/wp\/v2\/pages\/482\/revisions\/3149"}],"wp:featuredmedia":[{"embeddable":true,"href":"https:\/\/www.tci.it\/en\/wp-json\/wp\/v2\/media\/495"}],"wp:attachment":[{"href":"https:\/\/www.tci.it\/en\/wp-json\/wp\/v2\/media?parent=482"}],"curies":[{"name":"wp","href":"https:\/\/api.w.org\/{rel}","templated":true}]}}